{"id":328,"date":"2025-12-23T19:56:49","date_gmt":"2025-12-23T19:56:49","guid":{"rendered":"https:\/\/stoufferlaw.com\/preguntas-frecuentes\/"},"modified":"2026-03-08T14:52:01","modified_gmt":"2026-03-08T14:52:01","slug":"preguntas-frecuentes","status":"publish","type":"page","link":"https:\/\/stoufferlaw.com\/es\/preguntas-frecuentes\/","title":{"rendered":"Preguntas frecuentes"},"content":{"rendered":"<h2>\u00bfOfrecen una consulta inicial gratuita?<\/h2>\n<p>Aunque no ofrecemos consultas detalladas gratuitas, un abogado o especialista de admisi\u00f3n con gusto puede hablar contigo por unos minutos para hacer una evaluaci\u00f3n r\u00e1pida, responder preguntas que tengas sobre nosotros y asegurarse de que podamos abordar tus inquietudes de manera m\u00e1s completa en una consulta m\u00e1s profunda. No queremos hacerte perder tiempo ni dinero, por lo que te informaremos si tu caso parece estar fuera del alcance de nuestra experiencia. <\/p>\n<p>Cuando nos reunimos contigo para una consulta inicial, el abogado tomar\u00e1 el tiempo necesario para revisar cuidadosamente tu situaci\u00f3n y responder todas tus preguntas. Tambi\u00e9n explicar\u00e1 las leyes de inmigraci\u00f3n aplicables y te dar\u00e1 una evaluaci\u00f3n honesta y completa de tus opciones. Nuestro objetivo es que salgas de la consulta inicial sinti\u00e9ndote informado y con confianza.  <\/p>\n<h2>\u00bfCu\u00e1nto cuesta la consulta inicial?<\/h2>\n<p>La tarifa de nuestra consulta inicial es de $400.<\/p>\n<h2>\u00bfPor qu\u00e9 necesito una consulta inicial? \u00bfPor qu\u00e9 no pueden responder mis preguntas por tel\u00e9fono antes de que vaya a la oficina? <\/h2>\n<p>El derecho de inmigraci\u00f3n es complicado. Las leyes han cambiado a lo largo de los a\u00f1os y contin\u00faan cambiando con frecuencia. Durante la primera administraci\u00f3n de Trump, se realizaron m\u00e1s de 1,000 cambios importantes en solo 4 a\u00f1os, lo que equivale a casi un cambio importante cada d\u00eda.  <\/p>\n<p>Durante la consulta inicial conoceremos tus circunstancias \u00fanicas en el contexto de las leyes de inmigraci\u00f3n para poder ofrecerte una evaluaci\u00f3n personalizada. Tambi\u00e9n dedicaremos tiempo a explicarte las leyes y normas aplicables, para que puedas tomar la decisi\u00f3n m\u00e1s informada para ti y tus seres queridos. Por supuesto, esperamos ayudarte a identificar las opciones de inmigraci\u00f3n m\u00e1s eficientes y rentables, pero a veces puede ocurrir que no veamos opciones viables para ti bajo las leyes actuales. Si esto sucede, esperamos que encuentres valor en saber que tal vez evitaste presentar algo para lo cual no eres elegible, ahorrando tiempo y dinero y evitando posibles complicaciones adicionales.   <\/p>\n<h2>\u00bfSolo tengo una o dos preguntas sencillas. \u00bfNo puedo hacerlas por tel\u00e9fono antes de reunirnos? <\/h2>\n<p>El derecho de inmigraci\u00f3n en Estados Unidos no es nada simple. Ya de por s\u00ed es complicado, y para hacerlo a\u00fan m\u00e1s dif\u00edcil, las leyes han cambiado con los a\u00f1os y contin\u00faan cambiando constantemente. Aunque el derecho de inmigraci\u00f3n est\u00e1 bajo la jurisdicci\u00f3n de la ley federal, todav\u00eda existen diferencias en c\u00f3mo se interpretan las leyes en distintos lugares del pa\u00eds. Seguido escuchamos a clientes comparar su situaci\u00f3n con la de un amigo o familiar. Aunque es natural querer hacerlo, puede ser peligroso hacer suposiciones de esta manera. Alguien puede parecer estar en una situaci\u00f3n similar, pero puede haber muchas variables y diferencias importantes. Siempre es mejor consultar con un abogado de inmigraci\u00f3n confiable y con experiencia para evitar errores costosos y complicaciones.      <\/p>\n<h2>\u00bfOfrecen consultas por tel\u00e9fono, Zoom o Skype?<\/h2>\n<p>S\u00ed. Esta es nuestra forma preferida de reunirnos desde que comenz\u00f3 la pandemia de COVID-19 en marzo de 2020. Aun as\u00ed, seguimos ofreciendo consultas presenciales.  <\/p>\n<h2>\u00bfCu\u00e1nto costar\u00e1 un caso? \u00bfPueden darme un presupuesto por tel\u00e9fono para un caso en particular? <\/h2>\n<p>La mayor\u00eda de nuestros servicios legales se facturan por hora. De esta manera, solo se te cobra por el tiempo realmente utilizado (en lugar de adivinar cu\u00e1nto tiempo tomar\u00e1 un proceso y, potencialmente, cobrar de m\u00e1s si tomamos menos tiempo). Tambi\u00e9n somos cuidadosos de no cobrar de menos y poner en riesgo la alta calidad de los servicios que ofrecemos.  <\/p>\n<p>Siempre que sea posible, podemos aceptar un pago inicial y luego establecer un plan de pagos en cuotas seg\u00fan cu\u00e1ndo se realizar\u00e1 el trabajo en tu caso. El objetivo es tener siempre suficientes fondos disponibles en tu cuenta de fideicomiso IOLTA del cliente (que funciona casi como una cuenta de ahorros dedicada a tu caso) para poder comenzar a trabajar de inmediato cuando haya nuevos pasos, surjan plazos inesperados o se presenten otros imprevistos en el caso. <\/p>\n<p>Probablemente encontrar\u00e1s abogados que cobran menos y abogados que cobran m\u00e1s que nosotros. Lo que podemos decir es esto: ofrecemos un servicio personalizado basado en a\u00f1os de experiencia practicando exclusivamente derecho de inmigraci\u00f3n. Estamos contigo en cada paso de tu caso.<br \/>No damos un rango de tarifas legales por tel\u00e9fono hasta que tengamos la oportunidad de reunirnos contigo. Durante la consulta inicial conoceremos tus circunstancias \u00fanicas en el contexto de las leyes de inmigraci\u00f3n aplicables, para poder ofrecerte una evaluaci\u00f3n y un rango de tarifas estimadas, adaptadas a tu caso. Hay muchas variables que deben considerarse. Aunque entendemos por qu\u00e9 un cliente potencial quiere tener aunque sea una estimaci\u00f3n general, no creemos que sea responsable crear expectativas antes de comprender todas las circunstancias \u00fanicas del caso.     <\/p>\n<p>Al final de tu consulta, el abogado te dar\u00e1 una evaluaci\u00f3n honesta y clara de tus opciones y los costos probables de cada opci\u00f3n. Esta sigue siendo nuestra mejor estimaci\u00f3n, ya que realmente no podemos anticipar qu\u00e9 cambios podr\u00edan ocurrir en tu situaci\u00f3n o en las leyes y pol\u00edticas de inmigraci\u00f3n. Al finalizar la consulta, ser\u00e1 tu decisi\u00f3n c\u00f3mo deseas proceder. Entendemos que elegir un abogado es una decisi\u00f3n importante y te animamos a decidir cu\u00e1l abogado se siente adecuado para ti.   <\/p>\n<h2>\u00bfRealmente necesito un abogado de inmigraci\u00f3n?<\/h2>\n<p>Esta respuesta depende de muchos factores. Ya sea que finalmente decidas contratarnos a nosotros u otro abogado de inmigraci\u00f3n calificado para un caso en particular, recomendamos enf\u00e1ticamente al menos tener una consulta detallada. Una consulta puede ser muy valiosa. Una vez que tengas toda la informaci\u00f3n que necesitas, podr\u00e1s decidir si realmente necesitas un abogado. El derecho de inmigraci\u00f3n es muy complejo, lleno de matices y cambia constantemente. Puede parecer sencillo llenar y presentar un formulario, pero hay muchos factores que deben considerarse para evitar retrasos, problemas o rechazos. Por ejemplo, cada vez que se presenta un nuevo formulario ante inmigraci\u00f3n, cualquier historial previo de inmigraci\u00f3n, presentaciones anteriores, entradas y salidas ser\u00e1n revisadas cuidadosamente por el funcionario. Por esa raz\u00f3n, es prudente que un abogado especializado en inmigraci\u00f3n identifique posibles complicaciones y luego gestione el proceso. No queremos asustarte, pero con frecuencia nos encontramos con clientes que han presentado algo de manera incorrecta o han presentado algo que no deber\u00edan haber presentado. Un poco de precauci\u00f3n al inicio del proceso puede ahorrar literalmente a\u00f1os y miles de d\u00f3lares. Asi que, moraleja de esta historia, es que al menos deber\u00edas tener una consulta y, probablemente, contratar a un abogado.          <\/p>\n<h2>Otros abogados ofrecen consultas gratuitas, \u00bfpor qu\u00e9 ustedes no ofrecen una consulta gratuita?<\/h2>\n<p>Reservamos tiempo para revisar tus documentos, conocer tu historia \u00fanica y explicarte las leyes de inmigraci\u00f3n y las opciones disponibles. Nuestro objetivo es brindarte informaci\u00f3n y herramientas valiosas para que tomes la decisi\u00f3n m\u00e1s informada para ti y tu familia al final de esa hora de consulta. No te apresuraremos en nuestra oficina. Si bien puede haber abogados que ofrecen una consulta inicial gratuita y detallada, seguido estas reuniones son r\u00e1pidas y carecen del nivel de detalle personalizado que consideramos fundamental. Por favor, consulta tambi\u00e9n las respuestas anteriores sobre consultas para m\u00e1s informaci\u00f3n.    <\/p>\n<h2>\u00bfC\u00f3mo funciona la facturaci\u00f3n por hora?<\/h2>\n<p>Una vez que la abogada eval\u00fae tu caso durante la consulta inicial, te proporcionar\u00e1 una estimaci\u00f3n del costo total del caso y solicitar\u00e1 el pago por ese monto. Esta es nuestra mejor estimaci\u00f3n, ya que realmente no podemos predecir qu\u00e9 cambios podr\u00edan ocurrir en tus circunstancias o en las leyes y pol\u00edticas de inmigraci\u00f3n. Seguido, tambi\u00e9n podemos ofrecer planes de pago como cortes\u00eda. Nuestro objetivo es tener suficientes fondos en tu cuenta de fideicomiso IOLTA (que funciona casi como una cuenta de ahorros dedicada a tu caso) antes de que se realice el trabajo, de modo que podamos utilizar esos fondos a medida que avancemos en tu caso.   <\/p>\n<p>Cada mes que trabajemos en tu caso, recibir\u00e1s una factura detallada que incluye descripciones de todo el trabajo realizado. Si al finalizar tu caso quedan fondos en esta cuenta, te los devolveremos. <\/p>\n<p>Hemos encontrado que la facturaci\u00f3n por hora es la m\u00e1s justa para todas las partes y nos brinda la mayor flexibilidad para ajustar el alcance de nuestra representaci\u00f3n si hay cambios en las leyes o procedimientos. Creemos que esto es m\u00e1s justo que aumentar tarifas fijas de manera general. Adem\u00e1s, hemos notado que los clientes cooperativos a menudo terminan pagando menos en total que si hubi\u00e9ramos cobrado con tarifas fijas. Nos aseguraremos de responder todas tus preguntas sobre facturaci\u00f3n y cualquier otro tema relacionado con nuestra posible relaci\u00f3n de trabajo antes de que realices el pago inicial y firmes el contrato.   <\/p>\n","protected":false},"excerpt":{"rendered":"<p>\u00bfOfrecen una consulta inicial gratuita? Aunque no ofrecemos consultas detalladas gratuitas, un abogado o especialista de admisi\u00f3n con gusto puede hablar contigo por unos minutos para hacer una evaluaci\u00f3n r\u00e1pida, responder preguntas que tengas sobre nosotros y asegurarse de que podamos abordar tus inquietudes de manera m\u00e1s completa en una consulta m\u00e1s profunda. No queremos [&hellip;]<\/p>\n","protected":false},"author":1,"featured_media":0,"parent":0,"menu_order":0,"comment_status":"closed","ping_status":"closed","template":"template-faqs.php","meta":{"_acf_changed":false,"footnotes":""},"class_list":["post-328","page","type-page","status-publish","hentry"],"acf":[],"_links":{"self":[{"href":"https:\/\/stoufferlaw.com\/es\/wp-json\/wp\/v2\/pages\/328","targetHints":{"allow":["GET"]}}],"collection":[{"href":"https:\/\/stoufferlaw.com\/es\/wp-json\/wp\/v2\/pages"}],"about":[{"href":"https:\/\/stoufferlaw.com\/es\/wp-json\/wp\/v2\/types\/page"}],"author":[{"embeddable":true,"href":"https:\/\/stoufferlaw.com\/es\/wp-json\/wp\/v2\/users\/1"}],"replies":[{"embeddable":true,"href":"https:\/\/stoufferlaw.com\/es\/wp-json\/wp\/v2\/comments?post=328"}],"version-history":[{"count":1,"href":"https:\/\/stoufferlaw.com\/es\/wp-json\/wp\/v2\/pages\/328\/revisions"}],"predecessor-version":[{"id":329,"href":"https:\/\/stoufferlaw.com\/es\/wp-json\/wp\/v2\/pages\/328\/revisions\/329"}],"wp:attachment":[{"href":"https:\/\/stoufferlaw.com\/es\/wp-json\/wp\/v2\/media?parent=328"}],"curies":[{"name":"wp","href":"https:\/\/api.w.org\/{rel}","templated":true}]}}